{"id":156,"date":"2022-11-07T15:05:58","date_gmt":"2022-11-07T14:05:58","guid":{"rendered":"https:\/\/formularze.gmsynergy.com.pl\/index.php\/mesmerize\/"},"modified":"2023-10-05T15:54:10","modified_gmt":"2023-10-05T13:54:10","slug":"mesmerize","status":"publish","type":"page","link":"https:\/\/formularze.gmsynergy.com.pl\/","title":{"rendered":"Strona g\u0142\u00f3wna"},"content":{"rendered":"<div  id=\"overlappable-4\" style=\"background-color: #ffffff;\" data-label=\"Overlappable\" data-id=\"overlappable-4\" data-export-id=\"overlappable-4\" data-category=\"overlappable\" class=\"overlappable-4 content-section content-section-spacing\" data-overlap=\"true\"><div  class=\"gridContainer\"> <div  data-type=\"row\" class=\"row spaced-cols text-center\"><div  class=\"col-xs-12 col-sm-4 col-padding\"> <i  class=\"fa icon shadow-large-black aligncenter color1 fa-calendar reverse round large\"><\/i> <div  data-type=\"column\" class=\"\"> <h5  class=\"\">ZAREJESTRUJ SI\u0118!<\/h5> <p  class=\"\">Zarejestruj si\u0119 na misj\u0119 gospodarcz\u0105 poprzez formularz rekrutacyjny\n<br >(zg\u0142oszenia przyjmujemy do 13.10.2023 lub wyczerpania miejsc!)<\/p><a class=\"button blue\" href=\"https:\/\/formularze.gmsynergy.com.pl\/index.php\/formularz-rejestracyjny\" target=\"_self\" data-cp-link=\"1\" rel=\"noopener\">Kliknij tutaj<\/a><\/div> <\/div> <div  class=\"col-xs-12 col-sm-4 col-padding\"> <i  class=\"fa icon shadow-large-black aligncenter color1 fa-pencil-square-o reverse round large\"><\/i> <div  data-type=\"column\" class=\"\"><h5  class=\"\">PRZE\u015aLIJ DOKUMENTY REKRUTACYJNE<\/h5> <p  class=\"\">Po zarejestrowaniu online poprzez formularz, wejd\u017a w zak\u0142adk\u0119 \u201eDOKUMENTY DO POBRANIA\u201d, wype\u0142nij za\u0142\u0105czniki i ode\u015blij na adres zgloszenia@gmsynergy.com.pl&nbsp;\n<br ><br >(zg\u0142oszenia przyjmujemy do 13.10.2023 lub wyczerpania miejsc!)<\/p><\/div> <\/div> <div  class=\"col-xs-12 col-sm-4 col-padding\"> <i  class=\"fa icon shadow-large-black aligncenter color1 fa-child reverse round large\"><\/i> <div  data-type=\"column\" class=\"\"><h5  class=\"\">WE\u0179 UDZIA\u0141<\/h5> <p  class=\"\">We\u017a udzia\u0142 w misji gospodarczej!<\/p><\/div> <\/div><\/div> <\/div><\/div><div  data-label=\"About\" data-id=\"about--1\" data-export-id=\"about-1\" data-category=\"about\" class=\"about-1 content-section\" id=\"about-1\" style=\"background-color: rgb(245, 250, 253);\"><div  class=\"gridContainer\"> <div  class=\"row text-center\"><div  class=\"section-title-col\" data-type=\"column\">   <\/div> <\/div> <div  class=\"row\"> <div  class=\"button-holder space-bottom space-bottom-small\" data-type=\"column\"> <\/div> <div  class=\"col-xs bottom-xs flexbox image-group-bottom-3-img space-bottom-xs center-xs\"> <img  decoding=\"async\" class=\"left-img shadow-large-black\" data-size=\"500x300\" src=\"https:\/\/formularze.gmsynergy.com.pl\/wp-content\/uploads\/2023\/10\/cropped-abu-dhabi_header-15459.png.jpeg\" title=\"cropped-abu-dhabi_header-15459.png.jpeg\" alt=\"\"> <img  decoding=\"async\" class=\"center-img shadow-large-black\" data-size=\"500x300\" src=\"https:\/\/formularze.gmsynergy.com.pl\/wp-content\/uploads\/2023\/10\/cropped-abu-dhabi-co-warto-zwiedzic-i-co-trzeba-wiedziec-przed-podroza-fot-getty-images.jpeg\" title=\"cropped-abu-dhabi-co-warto-zwiedzic-i-co-trzeba-wiedziec-przed-podroza-fot-getty-images.jpeg\" alt=\"\"> <img  decoding=\"async\" class=\"right-img shadow-large-black\" data-size=\"500x300\" src=\"https:\/\/formularze.gmsynergy.com.pl\/wp-content\/uploads\/2023\/10\/cropped-1024x768.jpg.webp\" title=\"cropped-1024x768.jpg.webp\" alt=\"\"><\/div> <\/div><\/div> <\/div><div  id=\"cta-1\" data-label=\"Cta\" data-id=\"cta-blue-section\" data-export-id=\"cta-blue-section\" data-category=\"cta\" class=\"cta-blue-section content-section content-section-spacing-medium bg-color1 white-text\"><div  class=\"gridContainer\"> <div  class=\"row middle-xs\"><div  class=\"col-sm-8 space-bottom-xs\" data-type=\"column\"> <h2  class=\"\">Nie zwlekaj! <span  class=\"font-300\">Zarejestruj si\u0119 ju\u017c teraz!<\/span><\/h2> <\/div> <div  class=\"col-sm-4 end-sm\" data-type=\"column\"> <a class=\"button color2\" href=\"https:\/\/formularze.gmsynergy.com.pl\/index.php\/formularz-rejestracyjny\" target=\"_self\" data-cp-link=\"1\" rel=\"noopener\">Zarejestruj si\u0119!<\/a><\/div> <\/div><\/div> <\/div><div  data-label=\"Content\" data-id=\"content--4\" data-export-id=\"content-2\" data-category=\"content\" class=\"content-2 content-section content-section-spacing\" id=\"content-3\" style=\"background-color: rgb(245, 250, 253);\"><div > <div  class=\"row middle-xs\"><div  class=\"col-sm-5 bg-image shadow-large-black\" data-bg=\"image\" style=\"background-image: url(&quot;https:\/\/formularze.gmsynergy.com.pl\/wp-content\/uploads\/2023\/10\/cropped-AdobeStock_644194262-scaled-1.jpeg&quot;);\"><\/div> <div  class=\"col-sm-7 full-col-left-padding full-col-right-padding\"> <div  class=\"row\"> <div  data-type=\"column\" class=\"space-bottom-small content-title-col\"> <h5  class=\"\">Kilka s\u0142\u00f3w o\u2026<\/h5> <h2  class=\"\">Misji gospodarczej do Abu Dhabi<\/h2> <p  class=\"\">dla bran\u017cy spo\u017cywczej w ramach projektu pn. \u201eLODZKIE GO! Nowe rynki dla kluczowych bran\u017c Wojew\u00f3dztwa \u0141\u00f3dzkiego\u201d (Regionalny Program Operacyjny dla Wojew\u00f3dztwa \u0141\u00f3dzkiego na lata 2014-2020)\n<br ><br >Realizacja misji ma na celu:<br >&#8211; bezpo\u015brednie dotarcie do potencjalnych kontrahent\u00f3w;<br >&#8211; nawi\u0105zanie relacji handlowych, a w efekcie zwi\u0119kszenie wolumenu handlowego;<br >&#8211; skuteczne promowanie ofert handlowych na wybranym rynku zbytu tj. rynku&nbsp;Zjednoczonych Emirat\u00f3w Arabskich, podczas udzia\u0142u w wydarzeniu bran\u017cowym o charakterze wystawienniczym.\n<br ><br >Podczas misji gospodarczej odb\u0119dzie si\u0119 szereg spotka\u0144 B2B z przedstawicielami \u015brodowisk biznesowych w ZEA, instytucji oko\u0142obiznesowych, przedstawicielami lokalnych klastr\u00f3w, grup producenckich, lokalnych przedsi\u0119biorc\u00f3w etc., kt\u00f3rym zostanie przedstawiona oferta firm zregionu wojew\u00f3dztwa \u0142\u00f3dzkiego w celu zawi\u0105zania przez nie nowych zagranicznych partnerstw biznesowych i kontrakt\u00f3w eksportowych.<\/p><\/div> <\/div> <div  class=\"row spaced-cols \" data-type=\"row\"> <div  class=\"col-xs-6\" data-type=\"column\"> <h5  class=\"\">SPECYFIKA RYNKU<\/h5> <p  class=\"\">To najwi\u0119ksza gospodarka w\u015br\u00f3d kraj\u00f3w arabskich i najwi\u0119kszy producent ropy naftowej w grupie pa\u0144stw OPEC. Pa\u0144stwo silnie uzale\u017cnione od importu, ale intensywnie dzia\u0142aj\u0105ce w kierunku rozwini\u0119cia produkcji w\u0142asnej i zmniejszenia uzale\u017cnienia od produkcji ropy. Bardzo \u015bwiadome swojej przyw\u00f3dczej roli tak w\u015br\u00f3d kraj\u00f3w arabskich jak w \u015bwiecie islamu ze wzgl\u0119du na sprawowanie pieczy nad Mekk\u0105 i Medyn\u0105.&nbsp;<\/p><\/div> <div  class=\"col-xs-6\" data-type=\"column\"><h5  class=\"\">ETYKIETA<\/h5> <p  class=\"\">1. W biznesie kluczow\u0105 rol\u0119 odgrywa budowanie relacji, co bywa d\u0142ugotrwa\u0142ym procesem i wymaga stworzenia wi\u0119zi mi\u0119dzy decydentami firmy.<br >2. 75% si\u0142y roboczej stanowi\u0105 obcokrajowcy, st\u0105d j\u0119zyk angielski jest w powszechnym u\u017cyciu. Arabowie s\u0105 bardzo otwarci i ch\u0119tni do wsp\u00f3\u0142pracy.<br >3. Dla Arab\u00f3w kwestia honoru jest bardzo wa\u017cna, a poniewa\u017c pojmowanie honoru r\u00f3\u017cni si\u0119 mi\u0119dzy kulturami, dlatego w biznesie nale\u017cy wykazywa\u0107 du\u017c\u0105 delikatno\u015b\u0107 i empati\u0119.<br >\n<\/p><\/div>   <\/div><\/div> <\/div><\/div> <\/div><div  data-label=\"Content\" data-id=\"content--5\" data-export-id=\"content-12\" data-category=\"content\" class=\"content-12 content-section content-section-spacing\" id=\"content-4\" style=\"background-color: rgb(255, 255, 255);\"><div  class=\"gridContainer\"> <div  class=\"row text-center\"><div  class=\"section-title-col\" data-type=\"column\">  <p  class=\"lead\">Przedmiot zam\u00f3wienia jest wsp\u00f3\u0142finansowany ze \u015brodk\u00f3w Europejskiego Funduszu Rozwoju Regionalnego w ramach Regionalnego Programu Operacyjnego dla Wojew\u00f3dztwa \u0141\u00f3dzkiego na lata 2014-2020 (w ramach realizacji projektu pn. \u201eLODZKIE GO! Nowe rynki dla kluczowych bran\u017c Wojew\u00f3dztwa \u0141\u00f3dzkiego\u201d) oraz ze \u015brodk\u00f3w pochodz\u0105cych z bud\u017cetu Wojew\u00f3dztwa \u0141\u00f3dzkiego na 2023 r.Przedmiot zam\u00f3wienia jest wsp\u00f3\u0142finansowany ze \u015brodk\u00f3w Europejskiego Funduszu Rozwoju Regionalnego w ramach Regionalnego Programu Operacyjnego dla Wojew\u00f3dztwa \u0141\u00f3dzkiego na lata 2014-2020 (w ramach realizacji projektu pn. \u201eLODZKIE GO! Nowe rynki dla kluczowych bran\u017c Wojew\u00f3dztwa \u0141\u00f3dzkiego\u201d) oraz ze \u015brodk\u00f3w pochodz\u0105cych z bud\u017cetu Wojew\u00f3dztwa \u0141\u00f3dzkiego na 2023 r.<\/p><\/div> <\/div> <div  class=\"row center-xs middle-xs\"> <div  class=\"col-sm-9\" data-type=\"column\"> <\/div> <\/div><\/div> <\/div>","protected":false},"excerpt":{"rendered":"<p>ZAREJESTRUJ SI\u0118! Zarejestruj si\u0119 na misj\u0119 gospodarcz\u0105 poprzez formularz rekrutacyjny (zg\u0142oszenia przyjmujemy do 13.10.2023 lub wyczerpania miejsc!)Kliknij tutaj PRZE\u015aLIJ DOKUMENTY REKRUTACYJNE Po zarejestrowaniu online poprzez formularz, wejd\u017a w zak\u0142adk\u0119 \u201eDOKUMENTY DO POBRANIA\u201d, wype\u0142nij za\u0142\u0105czniki i ode\u015blij na adres zgloszenia@gmsynergy.com.pl&nbsp; (zg\u0142oszenia przyjmujemy do 13.10.2023 lub wyczerpania miejsc!) WE\u0179 UDZIA\u0141 We\u017a udzia\u0142 w misji gospodarczej! Nie zwlekaj!&hellip; <br \/> <a class=\"read-more\" href=\"https:\/\/formularze.gmsynergy.com.pl\/\">Czytaj dalej<\/a><\/p>\n","protected":false},"author":1,"featured_media":0,"parent":0,"menu_order":0,"comment_status":"closed","ping_status":"closed","template":"page-templates\/homepage.php","meta":{"footnotes":""},"class_list":["post-156","page","type-page","status-publish","hentry"],"_links":{"self":[{"href":"https:\/\/formularze.gmsynergy.com.pl\/index.php\/wp-json\/wp\/v2\/pages\/156","targetHints":{"allow":["GET"]}}],"collection":[{"href":"https:\/\/formularze.gmsynergy.com.pl\/index.php\/wp-json\/wp\/v2\/pages"}],"about":[{"href":"https:\/\/formularze.gmsynergy.com.pl\/index.php\/wp-json\/wp\/v2\/types\/page"}],"author":[{"embeddable":true,"href":"https:\/\/formularze.gmsynergy.com.pl\/index.php\/wp-json\/wp\/v2\/users\/1"}],"replies":[{"embeddable":true,"href":"https:\/\/formularze.gmsynergy.com.pl\/index.php\/wp-json\/wp\/v2\/comments?post=156"}],"version-history":[{"count":26,"href":"https:\/\/formularze.gmsynergy.com.pl\/index.php\/wp-json\/wp\/v2\/pages\/156\/revisions"}],"predecessor-version":[{"id":438,"href":"https:\/\/formularze.gmsynergy.com.pl\/index.php\/wp-json\/wp\/v2\/pages\/156\/revisions\/438"}],"wp:attachment":[{"href":"https:\/\/formularze.gmsynergy.com.pl\/index.php\/wp-json\/wp\/v2\/media?parent=156"}],"curies":[{"name":"wp","href":"https:\/\/api.w.org\/{rel}","templated":true}]}}